{"id":194,"date":"2026-02-06T18:16:22","date_gmt":"2026-02-06T18:16:22","guid":{"rendered":"https:\/\/www.thulicious-ibiza.com\/?page_id=194"},"modified":"2026-03-17T17:37:39","modified_gmt":"2026-03-17T17:37:39","slug":"terms-of-service","status":"publish","type":"page","link":"https:\/\/www.thulicious-ibiza.com\/de\/geschaftsbedingungen\/","title":{"rendered":"Gesch\u00e4ftsbedingungen"},"content":{"rendered":"<p><\/p>\n<h3>1. Vorbereitung &amp; Anforderungen an die K\u00fcche<\/h3>\n<p>Um einen reibungslosen Service zu gew\u00e4hrleisten und die h\u00f6chsten kulinarischen Standards einzuhalten, bitten wir darum, die K\u00fcche am Veranstaltungstag wie folgt vorzubereiten:<\/p>\n<p>Sauberkeit &amp; Ordnung: Die K\u00fcche sollte aufger\u00e4umt und frei von pers\u00f6nlichen Gegenst\u00e4nden sein.<\/p>\n<p>Sp\u00fclmaschine: Die Sp\u00fclmaschine muss leer und einsatzbereit sein.<\/p>\n<p>Arbeitsfl\u00e4che: Es muss ausreichend Arbeitsfl\u00e4che f\u00fcr die Zubereitung der Speisen zur Verf\u00fcgung gestellt werden.<\/p>\n<p>Diese Anforderungen erm\u00f6glichen es uns, effizient zu arbeiten und sicherzustellen, dass die Qualit\u00e4t der Gerichte auf h\u00f6chstem Niveau bleibt.<\/p>\n<h3>2. Buchungsbest\u00e4tigung<\/h3>\n<p>Eine Buchung gilt erst nach Erhalt einer Anzahlung als rechtlich bindend. Um Ihren Termin fest zu reservieren, ist eine Anzahlung von 50 % des Gesamtbetrags erforderlich. Sobald die Zahlung eingegangen ist, wird Ihre Veranstaltung formell best\u00e4tigt.<\/p>\n<h3>3. Zahlungsbedingungen<\/h3>\n<p>Der Restbetrag ist gem\u00e4\u00df unserer vorherigen Vereinbarung f\u00e4llig, entweder eine Woche vor der Veranstaltung oder am Tag der Veranstaltung selbst. Zahlungen k\u00f6nnen per [Zahlungsmethoden einf\u00fcgen, z. B. Bank\u00fcberweisung oder Barzahlung] erfolgen.<\/p>\n<h3>4. Stornierungsbedingungen<\/h3>\n<p>Im Falle einer Stornierung durch den Kunden ist die Anzahlung von 50 % nicht erstattungsf\u00e4hig. Diese Anzahlung dient dazu, die bereits erfolgte Planung, den Einkauf von Zutaten sowie die Reservierung des Termins abzudecken, da uns die Blockierung des Datums die Annahme anderer Buchungen verwehrt.<\/p>","protected":false},"excerpt":{"rendered":"<p>1. Vorbereitung &amp; Anforderungen an die K\u00fcche Um einen reibungslosen Service zu gew\u00e4hrleisten und die h\u00f6chsten kulinarischen Standards einzuhalten, bitten wir darum, die K\u00fcche am Veranstaltungstag wie folgt vorzubereiten: Sauberkeit &amp; Ordnung: Die K\u00fcche sollte aufger\u00e4umt und frei von pers\u00f6nlichen Gegenst\u00e4nden sein. Sp\u00fclmaschine: Die Sp\u00fclmaschine muss leer und einsatzbereit sein. Arbeitsfl\u00e4che: Es muss ausreichend Arbeitsfl\u00e4che [&hellip;]<\/p>\n","protected":false},"author":1,"featured_media":0,"parent":0,"menu_order":0,"comment_status":"closed","ping_status":"closed","template":"","meta":{"_acf_changed":false,"footnotes":""},"class_list":["post-194","page","type-page","status-publish","hentry"],"acf":[],"yoast_head":"<!-- This site is optimized with the Yoast SEO plugin v27.2 - https:\/\/yoast.com\/product\/yoast-seo-wordpress\/ -->\n<title>Gesch\u00e4ftsbedingungen - THUlicious<\/title>\n<meta name=\"robots\" content=\"index, follow, max-snippet:-1, max-image-preview:large, max-video-preview:-1\" \/>\n<link rel=\"canonical\" href=\"\/\" \/>\n<meta property=\"og:locale\" content=\"de_DE\" \/>\n<meta property=\"og:type\" content=\"article\" \/>\n<meta property=\"og:title\" content=\"Gesch\u00e4ftsbedingungen - THUlicious\" \/>\n<meta property=\"og:url\" content=\"\/\" \/>\n<meta property=\"og:site_name\" content=\"THUlicious\" \/>\n<meta property=\"article:modified_time\" content=\"2026-03-17T17:37:39+00:00\" \/>\n<script type=\"application\/ld+json\" class=\"yoast-schema-graph\">{\"@context\":\"https:\/\/schema.org\",\"@graph\":[{\"@type\":\"WebPage\",\"@id\":\"https:\/\/www.thulicious-ibiza.com\/terms-of-service\/\",\"url\":\"\/\",\"name\":\"[:en]Terms of Service[:de]Gesch\u00e4ftsbedingungen[:es]T\u00e9rminos y condiciones[:] - THUlicious\",\"isPartOf\":{\"@id\":\"https:\/\/www.thulicious-ibiza.com\/#website\"},\"datePublished\":\"2026-02-06T18:16:22+00:00\",\"dateModified\":\"2026-03-17T17:37:39+00:00\",\"breadcrumb\":{\"@id\":\"\/#breadcrumb\"},\"inLanguage\":\"de\",\"potentialAction\":[{\"@type\":\"ReadAction\",\"target\":[\"\/\"]}]},{\"@type\":\"BreadcrumbList\",\"@id\":\"\/#breadcrumb\",\"itemListElement\":[{\"@type\":\"ListItem\",\"position\":1,\"name\":\"Home\",\"item\":\"https:\/\/www.thulicious-ibiza.com\/\"},{\"@type\":\"ListItem\",\"position\":2,\"name\":\"Terms of Service\"}]},{\"@type\":\"WebSite\",\"@id\":\"https:\/\/www.thulicious-ibiza.com\/#website\",\"url\":\"https:\/\/www.thulicious-ibiza.com\/\",\"name\":\"THUlicious\",\"description\":\"\",\"potentialAction\":[{\"@type\":\"SearchAction\",\"target\":{\"@type\":\"EntryPoint\",\"urlTemplate\":\"https:\/\/www.thulicious-ibiza.com\/?s={search_term_string}\"},\"query-input\":{\"@type\":\"PropertyValueSpecification\",\"valueRequired\":true,\"valueName\":\"search_term_string\"}}],\"inLanguage\":\"de\"}]}<\/script>\n<!-- \/ Yoast SEO plugin. -->","yoast_head_json":{"title":"[:en]Terms of Service[:de]Gesch\u00e4ftsbedingungen[:es]T\u00e9rminos y condiciones[:] - THUlicious","robots":{"index":"index","follow":"follow","max-snippet":"max-snippet:-1","max-image-preview":"max-image-preview:large","max-video-preview":"max-video-preview:-1"},"canonical":"\/","og_locale":"de_DE","og_type":"article","og_title":"Gesch\u00e4ftsbedingungen - THUlicious","og_url":"\/","og_site_name":"THUlicious","article_modified_time":"2026-03-17T17:37:39+00:00","schema":{"@context":"https:\/\/schema.org","@graph":[{"@type":"WebPage","@id":"https:\/\/www.thulicious-ibiza.com\/terms-of-service\/","url":"\/","name":"[:en]Terms of Service[:de]Gesch\u00e4ftsbedingungen[:es]T\u00e9rminos y condiciones[:] - THUlicious","isPartOf":{"@id":"https:\/\/www.thulicious-ibiza.com\/#website"},"datePublished":"2026-02-06T18:16:22+00:00","dateModified":"2026-03-17T17:37:39+00:00","breadcrumb":{"@id":"\/#breadcrumb"},"inLanguage":"de","potentialAction":[{"@type":"ReadAction","target":["\/"]}]},{"@type":"BreadcrumbList","@id":"\/#breadcrumb","itemListElement":[{"@type":"ListItem","position":1,"name":"Home","item":"https:\/\/www.thulicious-ibiza.com\/"},{"@type":"ListItem","position":2,"name":"Terms of Service"}]},{"@type":"WebSite","@id":"https:\/\/www.thulicious-ibiza.com\/#website","url":"https:\/\/www.thulicious-ibiza.com\/","name":"THUlicious","description":"","potentialAction":[{"@type":"SearchAction","target":{"@type":"EntryPoint","urlTemplate":"https:\/\/www.thulicious-ibiza.com\/?s={search_term_string}"},"query-input":{"@type":"PropertyValueSpecification","valueRequired":true,"valueName":"search_term_string"}}],"inLanguage":"de"}]}},"_links":{"self":[{"href":"https:\/\/www.thulicious-ibiza.com\/de\/wp-json\/wp\/v2\/pages\/194","targetHints":{"allow":["GET"]}}],"collection":[{"href":"https:\/\/www.thulicious-ibiza.com\/de\/wp-json\/wp\/v2\/pages"}],"about":[{"href":"https:\/\/www.thulicious-ibiza.com\/de\/wp-json\/wp\/v2\/types\/page"}],"author":[{"embeddable":true,"href":"https:\/\/www.thulicious-ibiza.com\/de\/wp-json\/wp\/v2\/users\/1"}],"replies":[{"embeddable":true,"href":"https:\/\/www.thulicious-ibiza.com\/de\/wp-json\/wp\/v2\/comments?post=194"}],"version-history":[{"count":5,"href":"https:\/\/www.thulicious-ibiza.com\/de\/wp-json\/wp\/v2\/pages\/194\/revisions"}],"predecessor-version":[{"id":430,"href":"https:\/\/www.thulicious-ibiza.com\/de\/wp-json\/wp\/v2\/pages\/194\/revisions\/430"}],"wp:attachment":[{"href":"https:\/\/www.thulicious-ibiza.com\/de\/wp-json\/wp\/v2\/media?parent=194"}],"curies":[{"name":"wp","href":"https:\/\/api.w.org\/{rel}","templated":true}]}}