{"id":3,"date":"2026-02-04T14:43:23","date_gmt":"2026-02-04T14:43:23","guid":{"rendered":"https:\/\/www.thulicious-ibiza.com\/?page_id=3"},"modified":"2026-02-25T09:58:26","modified_gmt":"2026-02-25T09:58:26","slug":"privacy-policy","status":"publish","type":"page","link":"https:\/\/www.thulicious-ibiza.com\/de\/datenschutzerklarung\/","title":{"rendered":"Datenschutzerkl\u00e4rung"},"content":{"rendered":"<p><\/p>\n<div class=\"privacy-policy\">\n<h3>Schutz personenbezogener Daten gem\u00e4\u00df DSGVO<\/h3>\n<p>\n    <strong>Thulicious Privat Chef SL (thulicious-ibiza.com)<\/strong> informiert in Anwendung der geltenden Vorschriften zum Schutz personenbezogener Daten dar\u00fcber, dass die \u00fcber die Formulare der Website <strong>https:\/\/www.thulicious-ibiza.com\/<\/strong> erhobenen Daten in den spezifischen automatisierten Dateien f\u00fcr Nutzer der Dienstleistungen von Thulicious Privat Chef SL gespeichert werden.\n  <\/p>\n<p>\n    Zweck der Erhebung und automatisierten Verarbeitung personenbezogener Daten ist die Aufrechterhaltung der Gesch\u00e4ftsbeziehung sowie die Durchf\u00fchrung von Informations-, Beratungs- und Betreuungsaufgaben sowie die Erbringung professioneller Dienstleistungen direkt beim Kunden vor Ort (mobiler Service) und andere Aktivit\u00e4ten im Rahmen der T\u00e4tigkeit von Thulicious Privat Chef SL.\n  <\/p>\n<p>\n    Diese Daten werden nur an diejenigen Stellen weitergegeben, die zur Erf\u00fcllung des oben genannten Zwecks unbedingt erforderlich sind (z. B. Zahlungsdienstleister oder Hosting-Anbieter).\n  <\/p>\n<p>\n    Thulicious Privat Chef SL trifft die notwendigen Ma\u00dfnahmen, um die Sicherheit, Integrit\u00e4t und Vertraulichkeit der Daten gem\u00e4\u00df den Bestimmungen der Verordnung (EU) 2016\/679 des Europ\u00e4ischen Parlaments und des Rates vom 27. April 2016 (DSGVO) zu gew\u00e4hrleisten.\n  <\/p>\n<p>\n    Der Nutzer kann jederzeit die in der genannten Verordnung (EU) anerkannten Rechte auf Auskunft, Widerspruch, Berichtigung, L\u00f6schung, Einschr\u00e4nkung und \u00dcbertragbarkeit aus\u00fcben. Die Aus\u00fcbung dieser Rechte kann der Nutzer selbst per E-Mail an <strong>hello@thu-licious.com<\/strong> oder an die Adresse <strong>Calle Damaso Alonso 2, 07819 Santa Eularia \u2013 Spanien<\/strong> vornehmen.\n  <\/p>\n<p>\n    Der Nutzer erkl\u00e4rt, dass alle von ihm gemachten Angaben wahrheitsgem\u00e4\u00df und richtig sind, und verpflichtet sich, diese auf dem neuesten Stand zu halten und \u00c4nderungen an Thulicious Privat Chef SL mitzuteilen.\n  <\/p>\n<h3>Zweck der Verarbeitung personenbezogener Daten<\/h3>\n<p><strong>Zu welchem Zweck werden wir Ihre personenbezogenen Daten verarbeiten?<\/strong><\/p>\n<p>\n    Bei Thulicious Privat Chef SL verarbeiten wir Ihre \u00fcber die Website erhobenen personenbezogenen Daten zu folgenden Zwecken:\n  <\/p>\n<ol>\n<li>Erf\u00fcllung der gesch\u00e4ftlichen, administrativen und buchhalterischen Verpflichtungen, die sich aus der Erbringung der Dienstleistungen ergeben.<\/li>\n<li>Erbringung der vertraglich vereinbarten professionellen Dienstleistungen entsprechend den individuellen Bed\u00fcrfnissen der Kunden, einschlie\u00dflich der Terminverwaltung und der Durchf\u00fchrung von Au\u00dfenterminen beim Kunden.<\/li>\n<li>Zusendung von Informationen, die \u00fcber die Kontaktformulare angefordert wurden.<\/li>\n<li>Versand von Newslettern und Werbeinformationen auf elektronischem Wege, sofern eine Einwilligung vorliegt oder eine vorherige Vertragsbeziehung besteht.<\/li>\n<li>Einhaltung von Sicherheitsverfahren und Betrugspr\u00e4vention.<\/li>\n<li>Archivierung und Schutz von Informationen in den Systemen des Unternehmens.<\/li>\n<\/ol>\n<p>\n    Wir erinnern Sie daran, dass Sie der Zusendung von Werbemitteilungen auf jedem Weg und zu jeder Zeit widersprechen k\u00f6nnen, indem Sie eine E-Mail an die oben genannte Adresse senden.\n  <\/p>\n<h3>Wie lange werden die erhobenen personenbezogenen Daten gespeichert?<\/h3>\n<p>\n    Die bereitgestellten personenbezogenen Daten werden so lange gespeichert, wie die Gesch\u00e4ftsbeziehung aufrechterhalten wird, Sie nicht deren L\u00f6schung verlangen und f\u00fcr den Zeitraum, in dem gesetzliche Verpflichtungen aus den erbrachten Leistungen entstehen k\u00f6nnen (in Spanien in der Regel 6 Jahre f\u00fcr buchhalterische und steuerliche Unterlagen).\n  <\/p>\n<h3>Rechtm\u00e4\u00dfigkeit der Verarbeitung<\/h3>\n<p>\n    Die Verarbeitung Ihrer Daten erfolgt auf Basis folgender Rechtsgrundlagen:\n  <\/p>\n<ol>\n<li>Die Erf\u00fcllung eines Vertrages oder die Durchf\u00fchrung vorvertraglicher Ma\u00dfnahmen (Kostenvoranschl\u00e4ge, Termine, Anfragen).<\/li>\n<li>Die freie, spezifische und unmissverst\u00e4ndliche Einwilligung, die Sie durch die Annahme dieser Datenschutzerkl\u00e4rung mittels einer eindeutigen best\u00e4tigenden Handlung (Ankreuzen eines K\u00e4stchens) erteilen.<\/li>\n<\/ol>\n<p>\n    Wenn Sie uns Ihre Daten nicht oder fehlerhaft zur Verf\u00fcgung stellen, k\u00f6nnen wir Ihre Anfrage nicht bearbeiten und die gew\u00fcnschten Dienstleistungen nicht erbringen.\n  <\/p>\n<h3>Rechte an geistigem Eigentum<\/h3>\n<p>\n    <strong>Thulicious Privat Chef SL<\/strong> ist Inhaberin aller Urheberrechte, gewerblichen Schutzrechte und des geistigen Eigentums an der Website <strong>https:\/\/www.thulicious-ibiza.com\/<\/strong> sowie der darin angebotenen Inhalte.\n  <\/p>\n<p>\n    Die Vervielf\u00e4ltigung, Ver\u00f6ffentlichung oder nicht rein private Nutzung der Inhalte, ganz oder teilweise, ist ohne vorherige schriftliche Zustimmung von Thulicious Privat Chef SL untersagt.\n  <\/p>\n<h3>Schutz der gespeicherten Informationen<\/h3>\n<p>\n    Obwohl Thulicious Privat Chef SL Sicherungskopien der gespeicherten Informationen erstellt, \u00fcbernimmt sie keine Verantwortung f\u00fcr den versehentlichen Verlust oder die L\u00f6schung von Daten durch die Nutzer. Es wird jedoch garantiert, dass technische Ma\u00dfnahmen ergriffen wurden, um unbefugten Zugriff zu verhindern und die Integrit\u00e4t der Daten in ihren Systemen zu gew\u00e4hrleisten.\n  <\/p>\n<h3>Werbliche Mitteilungen (LSSI)<\/h3>\n<p>\n    In \u00dcbereinstimmung mit dem spanischen Gesetz f\u00fcr Dienste der Informationsgesellschaft (LSSI) versendet Thulicious Privat Chef SL keine Werbemitteilungen per E-Mail, die nicht zuvor angefordert oder ausdr\u00fccklich genehmigt wurden. Bei Kunden mit bestehendem Vertragsverh\u00e4ltnis ist der Versand von Informationen \u00fcber \u00e4hnliche Dienstleistungen zul\u00e4ssig, wobei der Kunde sich jederzeit abmelden kann.\n  <\/p>\n<\/div>\n<p><\/p>","protected":false},"excerpt":{"rendered":"<p>Schutz personenbezogener Daten gem\u00e4\u00df DSGVO Thulicious Privat Chef SL (thulicious-ibiza.com) informiert in Anwendung der geltenden Vorschriften zum Schutz personenbezogener Daten dar\u00fcber, dass die \u00fcber die Formulare der Website https:\/\/www.thulicious-ibiza.com\/ erhobenen Daten in den spezifischen automatisierten Dateien f\u00fcr Nutzer der Dienstleistungen von Thulicious Privat Chef SL gespeichert werden. Zweck der Erhebung und automatisierten Verarbeitung personenbezogener Daten [&hellip;]<\/p>\n","protected":false},"author":1,"featured_media":0,"parent":0,"menu_order":0,"comment_status":"closed","ping_status":"closed","template":"","meta":{"_acf_changed":false,"footnotes":""},"class_list":["post-3","page","type-page","status-publish","hentry"],"acf":[],"yoast_head":"<!-- This site is optimized with the Yoast SEO plugin v27.2 - https:\/\/yoast.com\/product\/yoast-seo-wordpress\/ -->\n<title>Datenschutzerkl\u00e4rung - THUlicious<\/title>\n<meta name=\"robots\" content=\"index, follow, max-snippet:-1, max-image-preview:large, max-video-preview:-1\" \/>\n<link rel=\"canonical\" href=\"\/\" \/>\n<meta property=\"og:locale\" content=\"de_DE\" \/>\n<meta property=\"og:type\" content=\"article\" \/>\n<meta property=\"og:title\" content=\"Datenschutzerkl\u00e4rung - THUlicious\" \/>\n<meta property=\"og:url\" content=\"\/\" \/>\n<meta property=\"og:site_name\" content=\"THUlicious\" \/>\n<meta property=\"article:modified_time\" content=\"2026-02-25T09:58:26+00:00\" \/>\n<script type=\"application\/ld+json\" class=\"yoast-schema-graph\">{\"@context\":\"https:\/\/schema.org\",\"@graph\":[{\"@type\":\"WebPage\",\"@id\":\"https:\/\/www.thulicious-ibiza.com\/privacy-policy\/\",\"url\":\"\/\",\"name\":\"[:en]Privacy Policy[:de]Datenschutzerkl\u00e4rung[:es]Pol\u00edtica de privacidad[:] - THUlicious\",\"isPartOf\":{\"@id\":\"https:\/\/www.thulicious-ibiza.com\/#website\"},\"datePublished\":\"2026-02-04T14:43:23+00:00\",\"dateModified\":\"2026-02-25T09:58:26+00:00\",\"breadcrumb\":{\"@id\":\"\/#breadcrumb\"},\"inLanguage\":\"de\",\"potentialAction\":[{\"@type\":\"ReadAction\",\"target\":[\"\/\"]}]},{\"@type\":\"BreadcrumbList\",\"@id\":\"\/#breadcrumb\",\"itemListElement\":[{\"@type\":\"ListItem\",\"position\":1,\"name\":\"Home\",\"item\":\"https:\/\/www.thulicious-ibiza.com\/\"},{\"@type\":\"ListItem\",\"position\":2,\"name\":\"Privacy Policy\"}]},{\"@type\":\"WebSite\",\"@id\":\"https:\/\/www.thulicious-ibiza.com\/#website\",\"url\":\"https:\/\/www.thulicious-ibiza.com\/\",\"name\":\"THUlicious\",\"description\":\"\",\"potentialAction\":[{\"@type\":\"SearchAction\",\"target\":{\"@type\":\"EntryPoint\",\"urlTemplate\":\"https:\/\/www.thulicious-ibiza.com\/?s={search_term_string}\"},\"query-input\":{\"@type\":\"PropertyValueSpecification\",\"valueRequired\":true,\"valueName\":\"search_term_string\"}}],\"inLanguage\":\"de\"}]}<\/script>\n<!-- \/ Yoast SEO plugin. -->","yoast_head_json":{"title":"[:en]Privacy Policy[:de]Datenschutzerkl\u00e4rung[:es]Pol\u00edtica de privacidad[:] - THUlicious","robots":{"index":"index","follow":"follow","max-snippet":"max-snippet:-1","max-image-preview":"max-image-preview:large","max-video-preview":"max-video-preview:-1"},"canonical":"\/","og_locale":"de_DE","og_type":"article","og_title":"Datenschutzerkl\u00e4rung - THUlicious","og_url":"\/","og_site_name":"THUlicious","article_modified_time":"2026-02-25T09:58:26+00:00","schema":{"@context":"https:\/\/schema.org","@graph":[{"@type":"WebPage","@id":"https:\/\/www.thulicious-ibiza.com\/privacy-policy\/","url":"\/","name":"[:en]Privacy Policy[:de]Datenschutzerkl\u00e4rung[:es]Pol\u00edtica de privacidad[:] - THUlicious","isPartOf":{"@id":"https:\/\/www.thulicious-ibiza.com\/#website"},"datePublished":"2026-02-04T14:43:23+00:00","dateModified":"2026-02-25T09:58:26+00:00","breadcrumb":{"@id":"\/#breadcrumb"},"inLanguage":"de","potentialAction":[{"@type":"ReadAction","target":["\/"]}]},{"@type":"BreadcrumbList","@id":"\/#breadcrumb","itemListElement":[{"@type":"ListItem","position":1,"name":"Home","item":"https:\/\/www.thulicious-ibiza.com\/"},{"@type":"ListItem","position":2,"name":"Privacy Policy"}]},{"@type":"WebSite","@id":"https:\/\/www.thulicious-ibiza.com\/#website","url":"https:\/\/www.thulicious-ibiza.com\/","name":"THUlicious","description":"","potentialAction":[{"@type":"SearchAction","target":{"@type":"EntryPoint","urlTemplate":"https:\/\/www.thulicious-ibiza.com\/?s={search_term_string}"},"query-input":{"@type":"PropertyValueSpecification","valueRequired":true,"valueName":"search_term_string"}}],"inLanguage":"de"}]}},"_links":{"self":[{"href":"https:\/\/www.thulicious-ibiza.com\/de\/wp-json\/wp\/v2\/pages\/3","targetHints":{"allow":["GET"]}}],"collection":[{"href":"https:\/\/www.thulicious-ibiza.com\/de\/wp-json\/wp\/v2\/pages"}],"about":[{"href":"https:\/\/www.thulicious-ibiza.com\/de\/wp-json\/wp\/v2\/types\/page"}],"author":[{"embeddable":true,"href":"https:\/\/www.thulicious-ibiza.com\/de\/wp-json\/wp\/v2\/users\/1"}],"replies":[{"embeddable":true,"href":"https:\/\/www.thulicious-ibiza.com\/de\/wp-json\/wp\/v2\/comments?post=3"}],"version-history":[{"count":8,"href":"https:\/\/www.thulicious-ibiza.com\/de\/wp-json\/wp\/v2\/pages\/3\/revisions"}],"predecessor-version":[{"id":407,"href":"https:\/\/www.thulicious-ibiza.com\/de\/wp-json\/wp\/v2\/pages\/3\/revisions\/407"}],"wp:attachment":[{"href":"https:\/\/www.thulicious-ibiza.com\/de\/wp-json\/wp\/v2\/media?parent=3"}],"curies":[{"name":"wp","href":"https:\/\/api.w.org\/{rel}","templated":true}]}}