{"id":390,"date":"2026-02-23T12:46:51","date_gmt":"2026-02-23T12:46:51","guid":{"rendered":"https:\/\/www.thulicious-ibiza.com\/?page_id=390"},"modified":"2026-02-25T09:59:02","modified_gmt":"2026-02-25T09:59:02","slug":"cookie-policy","status":"publish","type":"page","link":"https:\/\/www.thulicious-ibiza.com\/de\/cookie-richtlinie\/","title":{"rendered":"Cookie-Richtlinie"},"content":{"rendered":"<p><\/p>\n<div class=\"cookie-policy\">\n<p><strong>Thulicious Privat Chef SL<\/strong> informiert \u00fcber die Verwendung von Cookies auf ihrer Website: <strong>https:\/\/www.thulicious-ibiza.com\/<\/strong><\/p>\n<h3>Was sind Cookies?<\/h3>\n<p>Cookies sind Dateien, die \u00fcber Webseiten auf Ihr Ger\u00e4t heruntergeladen werden k\u00f6nnen. Sie sind wesentliche Instrumente f\u00fcr die Bereitstellung zahlreicher Dienste der Informationsgesellschaft. Unter anderem erm\u00f6glichen sie es einer Webseite, Informationen \u00fcber die Surfgewohnheiten eines Nutzers oder seines Ger\u00e4ts zu speichern und abzurufen. Je nach den erhaltenen Informationen k\u00f6nnen sie verwendet werden, um den Nutzer wiederzuerkennen und den angebotenen Service zu verbessern.<\/p>\n<h3>Arten von Cookies<\/h3>\n<p>Je nachdem, wer die Domain verwaltet, von der die Cookies gesendet werden, unterscheidet man zwei Typen:<\/p>\n<ul>\n<li><strong>Eigene Cookies:<\/strong> Diese werden von einem vom Herausgeber selbst verwalteten Ger\u00e4t oder einer Domain gesendet, von der der vom Nutzer angeforderte Dienst erbracht wird.<\/li>\n<li><strong>Cookies von Drittanbietern:<\/strong> Diese werden von einem Ger\u00e4t oder einer Domain gesendet, die nicht vom Herausgeber, sondern von einer anderen Einheit verwaltet wird, die die \u00fcber die Cookies erhaltenen Daten verarbeitet.<\/li>\n<\/ul>\n<p>Werden Cookies von einem vom Herausgeber selbst verwalteten Ger\u00e4t installiert, aber die dar\u00fcber erhobenen Informationen von einem Dritten verwaltet, gelten sie nicht als eigene Cookies.<\/p>\n<p>Es gibt eine zweite Klassifizierung nach der Zeitspanne, in der sie im Browser gespeichert bleiben:<\/p>\n<ul>\n<li><strong>Sitzungs-Cookies:<\/strong> Diese dienen dazu, Daten zu erfassen und zu speichern, w\u00e4hrend der Nutzer auf eine Webseite zugreift (z. B. eine Liste der gekauften Produkte).<\/li>\n<li><strong>Persistente Cookies:<\/strong> Die Daten bleiben auf dem Endger\u00e4t gespeichert und k\u00f6nnen f\u00fcr einen vom Cookie-Verantwortlichen definierten Zeitraum (Minuten bis Jahre) abgerufen und verarbeitet werden.<\/li>\n<\/ul>\n<p>Schlie\u00dflich gibt es eine Klassifizierung in sechs Arten von Cookies je nach Zweck der Datenverarbeitung:<\/p>\n<ul>\n<li><strong>Technische Cookies:<\/strong> Erm\u00f6glichen die Navigation und die Nutzung der verschiedenen Optionen oder Dienste (z. B. Datenverkehrskontrolle, Identifizierung der Sitzung, Warenkorb, Sicherheitsmerkmale).<\/li>\n<li><strong>Personalisierungs-Cookies:<\/strong> Erm\u00f6glichen den Zugriff mit vordefinierten Merkmalen wie Sprache, Browsertyp oder regionale Konfiguration.<\/li>\n<li><strong>Analyse-Cookies:<\/strong> Erm\u00f6glichen die \u00dcberwachung und Analyse des Verhaltens der Nutzer auf den Webseiten, um Verbesserungen basierend auf den Nutzungsdaten vorzunehmen.<\/li>\n<li><strong>Werbe-Cookies:<\/strong> Erm\u00f6glichen die effizienteste Verwaltung von Werbefl\u00e4chen.<\/li>\n<li><strong>Verhaltensbasierte Werbe-Cookies:<\/strong> Speichern Informationen \u00fcber das Nutzerverhalten durch kontinuierliche Beobachtung der Surfgewohnheiten, um ein spezifisches Werbeprofil zu erstellen.<\/li>\n<li><strong>Cookies externer sozialer Netzwerke:<\/strong> Werden verwendet, damit Besucher mit Inhalten sozialer Plattformen (Facebook, YouTube, Instagram etc.) interagieren k\u00f6nnen.<\/li>\n<\/ul>\n<h3>Deaktivierung und L\u00f6schung von Cookies<\/h3>\n<p>Sie haben die M\u00f6glichkeit, Cookies \u00fcber die Einstellungen Ihres Browsers zuzulassen, zu blockieren oder zu l\u00f6schen. Wenn Sie Cookies deaktivieren, stehen einige Dienste m\u00f6glicherweise nicht mehr zur Verf\u00fcgung. Die Vorgehensweise ist je nach Browser unterschiedlich (Tools oder Optionen). Der Nutzer kann jederzeit w\u00e4hlen, welche Cookies auf dieser Website aktiv sein sollen.<\/p>\n<ul>\n<li><strong>Internet Explorer \/ Edge:<\/strong> http:\/\/windows.microsoft.com\/es-es\/windows-vista\/Block-or-allow-cookies<\/li>\n<li><strong>Mozilla Firefox:<\/strong> http:\/\/support.mozilla.org\/es\/kb\/impedir-que-los-sitios-web-guarden-sus-preferencia<\/li>\n<li><strong>Chrome:<\/strong> https:\/\/support.google.com\/accounts\/answer\/61416?hl=de<\/li>\n<li><strong>Safari:<\/strong> http:\/\/safari.helpmax.net\/es\/privacidad-y-seguridad\/como-gestionar-las-cookies\/<\/li>\n<li><strong>Opera:<\/strong> http:\/\/help.opera.com\/Linux\/10.60\/es-ES\/cookies.html<\/li>\n<\/ul>\n<p>Zus\u00e4tzlich k\u00f6nnen Sie Cookies \u00fcber Tools wie <strong>Ghostery<\/strong> (www.ghostery.com) oder <strong>Your Online Choices<\/strong> verwalten.<\/p>\n<h3>Verwendete Cookies auf https:\/\/www.thulicious-ibiza.com\/<\/h3>\n<div class=\"cky-audit-table-element\"><\/div>\n<p><strong>https:\/\/www.thulicious-ibiza.com\/<\/strong> zeigt bei jeder Anmeldung Informationen \u00fcber die Cookie-Richtlinie am unteren oder oberen Rand jeder Seite an. Angesichts dieser Information k\u00f6nnen folgende Aktionen durchgef\u00fchrt werden:<\/p>\n<ul>\n<li><strong>Cookies akzeptieren:<\/strong> Dieser Hinweis wird bei dieser Sitzung nicht erneut angezeigt.<\/li>\n<li><strong>Einstellungen \u00e4ndern\/personalisieren:<\/strong> Sie k\u00f6nnen mehr dar\u00fcber erfahren, was Cookies sind, die Cookie-Richtlinie von <strong>https:\/\/www.thulicious-ibiza.com\/<\/strong> einsehen und Ihre Browsereinstellungen anpassen.<\/li>\n<\/ul>\n<\/div>\n<p><\/p>","protected":false},"excerpt":{"rendered":"<p>Thulicious Privat Chef SL informiert \u00fcber die Verwendung von Cookies auf ihrer Website: https:\/\/www.thulicious-ibiza.com\/ Was sind Cookies? Cookies sind Dateien, die \u00fcber Webseiten auf Ihr Ger\u00e4t heruntergeladen werden k\u00f6nnen. Sie sind wesentliche Instrumente f\u00fcr die Bereitstellung zahlreicher Dienste der Informationsgesellschaft. Unter anderem erm\u00f6glichen sie es einer Webseite, Informationen \u00fcber die Surfgewohnheiten eines Nutzers oder seines [&hellip;]<\/p>\n","protected":false},"author":1,"featured_media":0,"parent":0,"menu_order":0,"comment_status":"closed","ping_status":"closed","template":"","meta":{"_acf_changed":false,"footnotes":""},"class_list":["post-390","page","type-page","status-publish","hentry"],"acf":[],"yoast_head":"<!-- This site is optimized with the Yoast SEO plugin v27.2 - https:\/\/yoast.com\/product\/yoast-seo-wordpress\/ -->\n<title>Cookie-Richtlinie - THUlicious<\/title>\n<meta name=\"robots\" content=\"index, follow, max-snippet:-1, max-image-preview:large, max-video-preview:-1\" \/>\n<link rel=\"canonical\" href=\"\/\" \/>\n<meta property=\"og:locale\" content=\"de_DE\" \/>\n<meta property=\"og:type\" content=\"article\" \/>\n<meta property=\"og:title\" content=\"Cookie-Richtlinie - THUlicious\" \/>\n<meta property=\"og:url\" content=\"\/\" \/>\n<meta property=\"og:site_name\" content=\"THUlicious\" \/>\n<meta property=\"article:modified_time\" content=\"2026-02-25T09:59:02+00:00\" \/>\n<script type=\"application\/ld+json\" class=\"yoast-schema-graph\">{\"@context\":\"https:\/\/schema.org\",\"@graph\":[{\"@type\":\"WebPage\",\"@id\":\"https:\/\/www.thulicious-ibiza.com\/cookie-policy\/\",\"url\":\"\/\",\"name\":\"[:en]Cookie Policy[:de]Cookie-Richtlinie[:es]Pol\u00edtica de cookies[:] - THUlicious\",\"isPartOf\":{\"@id\":\"https:\/\/www.thulicious-ibiza.com\/#website\"},\"datePublished\":\"2026-02-23T12:46:51+00:00\",\"dateModified\":\"2026-02-25T09:59:02+00:00\",\"breadcrumb\":{\"@id\":\"\/#breadcrumb\"},\"inLanguage\":\"de\",\"potentialAction\":[{\"@type\":\"ReadAction\",\"target\":[\"\/\"]}]},{\"@type\":\"BreadcrumbList\",\"@id\":\"\/#breadcrumb\",\"itemListElement\":[{\"@type\":\"ListItem\",\"position\":1,\"name\":\"Home\",\"item\":\"https:\/\/www.thulicious-ibiza.com\/\"},{\"@type\":\"ListItem\",\"position\":2,\"name\":\"Cookie Policy\"}]},{\"@type\":\"WebSite\",\"@id\":\"https:\/\/www.thulicious-ibiza.com\/#website\",\"url\":\"https:\/\/www.thulicious-ibiza.com\/\",\"name\":\"THUlicious\",\"description\":\"\",\"potentialAction\":[{\"@type\":\"SearchAction\",\"target\":{\"@type\":\"EntryPoint\",\"urlTemplate\":\"https:\/\/www.thulicious-ibiza.com\/?s={search_term_string}\"},\"query-input\":{\"@type\":\"PropertyValueSpecification\",\"valueRequired\":true,\"valueName\":\"search_term_string\"}}],\"inLanguage\":\"de\"}]}<\/script>\n<!-- \/ Yoast SEO plugin. -->","yoast_head_json":{"title":"[:en]Cookie Policy[:de]Cookie-Richtlinie[:es]Pol\u00edtica de cookies[:] - THUlicious","robots":{"index":"index","follow":"follow","max-snippet":"max-snippet:-1","max-image-preview":"max-image-preview:large","max-video-preview":"max-video-preview:-1"},"canonical":"\/","og_locale":"de_DE","og_type":"article","og_title":"Cookie-Richtlinie - THUlicious","og_url":"\/","og_site_name":"THUlicious","article_modified_time":"2026-02-25T09:59:02+00:00","schema":{"@context":"https:\/\/schema.org","@graph":[{"@type":"WebPage","@id":"https:\/\/www.thulicious-ibiza.com\/cookie-policy\/","url":"\/","name":"[:en]Cookie Policy[:de]Cookie-Richtlinie[:es]Pol\u00edtica de cookies[:] - THUlicious","isPartOf":{"@id":"https:\/\/www.thulicious-ibiza.com\/#website"},"datePublished":"2026-02-23T12:46:51+00:00","dateModified":"2026-02-25T09:59:02+00:00","breadcrumb":{"@id":"\/#breadcrumb"},"inLanguage":"de","potentialAction":[{"@type":"ReadAction","target":["\/"]}]},{"@type":"BreadcrumbList","@id":"\/#breadcrumb","itemListElement":[{"@type":"ListItem","position":1,"name":"Home","item":"https:\/\/www.thulicious-ibiza.com\/"},{"@type":"ListItem","position":2,"name":"Cookie Policy"}]},{"@type":"WebSite","@id":"https:\/\/www.thulicious-ibiza.com\/#website","url":"https:\/\/www.thulicious-ibiza.com\/","name":"THUlicious","description":"","potentialAction":[{"@type":"SearchAction","target":{"@type":"EntryPoint","urlTemplate":"https:\/\/www.thulicious-ibiza.com\/?s={search_term_string}"},"query-input":{"@type":"PropertyValueSpecification","valueRequired":true,"valueName":"search_term_string"}}],"inLanguage":"de"}]}},"_links":{"self":[{"href":"https:\/\/www.thulicious-ibiza.com\/de\/wp-json\/wp\/v2\/pages\/390","targetHints":{"allow":["GET"]}}],"collection":[{"href":"https:\/\/www.thulicious-ibiza.com\/de\/wp-json\/wp\/v2\/pages"}],"about":[{"href":"https:\/\/www.thulicious-ibiza.com\/de\/wp-json\/wp\/v2\/types\/page"}],"author":[{"embeddable":true,"href":"https:\/\/www.thulicious-ibiza.com\/de\/wp-json\/wp\/v2\/users\/1"}],"replies":[{"embeddable":true,"href":"https:\/\/www.thulicious-ibiza.com\/de\/wp-json\/wp\/v2\/comments?post=390"}],"version-history":[{"count":4,"href":"https:\/\/www.thulicious-ibiza.com\/de\/wp-json\/wp\/v2\/pages\/390\/revisions"}],"predecessor-version":[{"id":408,"href":"https:\/\/www.thulicious-ibiza.com\/de\/wp-json\/wp\/v2\/pages\/390\/revisions\/408"}],"wp:attachment":[{"href":"https:\/\/www.thulicious-ibiza.com\/de\/wp-json\/wp\/v2\/media?parent=390"}],"curies":[{"name":"wp","href":"https:\/\/api.w.org\/{rel}","templated":true}]}}