{"id":194,"date":"2026-02-06T18:16:22","date_gmt":"2026-02-06T18:16:22","guid":{"rendered":"https:\/\/www.thulicious-ibiza.com\/?page_id=194"},"modified":"2026-03-17T17:37:39","modified_gmt":"2026-03-17T17:37:39","slug":"terms-of-service","status":"publish","type":"page","link":"https:\/\/www.thulicious-ibiza.com\/es\/terminos-y-condiciones\/","title":{"rendered":"T\u00e9rminos y condiciones"},"content":{"rendered":"<p><\/p>\n<h3>1. Preparaci\u00f3n y requisitos de la cocina<\/h3>\n<p>Para garantizar un servicio fluido y mantener los m\u00e1s altos est\u00e1ndares culinarios, solicitamos amablemente que la cocina est\u00e9 preparada de la siguiente manera el d\u00eda del evento:<\/p>\n<p>Orden y limpieza: La cocina debe estar recogida y libre de objetos personales.<\/p>\n<p>Lavavajillas: El lavavajillas debe estar vac\u00edo y listo para su uso.<\/p>\n<p>Espacio de trabajo: Se debe disponer de suficiente espacio de trabajo para la preparaci\u00f3n de los alimentos.<\/p>\n<p>Estos requisitos nos permiten trabajar de manera eficiente y asegurar que la calidad de los platos se mantenga al m\u00e1s alto nivel.<\/p>\n<h3>2. Confirmaci\u00f3n de la reserva<\/h3>\n<p>Una reserva se considera legalmente vinculante solo tras la recepci\u00f3n de un dep\u00f3sito. Se requiere un dep\u00f3sito del 50% del importe total presupuestado para asegurar su fecha. Una vez recibido el pago, su evento quedar\u00e1 confirmado formalmente.<\/p>\n<h3>3. Condiciones de pago<\/h3>\n<p>El saldo restante debe abonarse seg\u00fan nuestro acuerdo previo, ya sea una semana antes del evento o el mismo d\u00eda del evento. Los pagos pueden realizarse a trav\u00e9s de [insertar m\u00e9todos de pago, por ejemplo: transferencia bancaria o efectivo].<\/p>\n<h3>4. Pol\u00edtica de cancelaci\u00f3n<\/h3>\n<p>En caso de cancelaci\u00f3n por parte del cliente, el dep\u00f3sito del 50% no ser\u00e1 reembolsable. Este dep\u00f3sito sirve para cubrir la planificaci\u00f3n dedicada, la compra de ingredientes y la reserva de la fecha, lo que nos impide aceptar otras reservas.<\/p>","protected":false},"excerpt":{"rendered":"<p>1. Preparaci\u00f3n y requisitos de la cocina Para garantizar un servicio fluido y mantener los m\u00e1s altos est\u00e1ndares culinarios, solicitamos amablemente que la cocina est\u00e9 preparada de la siguiente manera el d\u00eda del evento: Orden y limpieza: La cocina debe estar recogida y libre de objetos personales. Lavavajillas: El lavavajillas debe estar vac\u00edo y listo [&hellip;]<\/p>\n","protected":false},"author":1,"featured_media":0,"parent":0,"menu_order":0,"comment_status":"closed","ping_status":"closed","template":"","meta":{"_acf_changed":false,"footnotes":""},"class_list":["post-194","page","type-page","status-publish","hentry"],"acf":[],"yoast_head":"<!-- This site is optimized with the Yoast SEO plugin v27.2 - https:\/\/yoast.com\/product\/yoast-seo-wordpress\/ -->\n<title>T\u00e9rminos y condiciones - THUlicious<\/title>\n<meta name=\"robots\" content=\"index, follow, max-snippet:-1, max-image-preview:large, max-video-preview:-1\" \/>\n<link rel=\"canonical\" href=\"\/\" \/>\n<meta property=\"og:locale\" content=\"es_ES\" \/>\n<meta property=\"og:type\" content=\"article\" \/>\n<meta property=\"og:title\" content=\"T\u00e9rminos y condiciones - THUlicious\" \/>\n<meta property=\"og:url\" content=\"\/\" \/>\n<meta property=\"og:site_name\" content=\"THUlicious\" \/>\n<meta property=\"article:modified_time\" content=\"2026-03-17T17:37:39+00:00\" \/>\n<script type=\"application\/ld+json\" class=\"yoast-schema-graph\">{\"@context\":\"https:\/\/schema.org\",\"@graph\":[{\"@type\":\"WebPage\",\"@id\":\"https:\/\/www.thulicious-ibiza.com\/terms-of-service\/\",\"url\":\"\/\",\"name\":\"[:en]Terms of Service[:de]Gesch\u00e4ftsbedingungen[:es]T\u00e9rminos y condiciones[:] - THUlicious\",\"isPartOf\":{\"@id\":\"https:\/\/www.thulicious-ibiza.com\/#website\"},\"datePublished\":\"2026-02-06T18:16:22+00:00\",\"dateModified\":\"2026-03-17T17:37:39+00:00\",\"breadcrumb\":{\"@id\":\"\/#breadcrumb\"},\"inLanguage\":\"es\",\"potentialAction\":[{\"@type\":\"ReadAction\",\"target\":[\"\/\"]}]},{\"@type\":\"BreadcrumbList\",\"@id\":\"\/#breadcrumb\",\"itemListElement\":[{\"@type\":\"ListItem\",\"position\":1,\"name\":\"Home\",\"item\":\"https:\/\/www.thulicious-ibiza.com\/\"},{\"@type\":\"ListItem\",\"position\":2,\"name\":\"Terms of Service\"}]},{\"@type\":\"WebSite\",\"@id\":\"https:\/\/www.thulicious-ibiza.com\/#website\",\"url\":\"https:\/\/www.thulicious-ibiza.com\/\",\"name\":\"THUlicious\",\"description\":\"\",\"potentialAction\":[{\"@type\":\"SearchAction\",\"target\":{\"@type\":\"EntryPoint\",\"urlTemplate\":\"https:\/\/www.thulicious-ibiza.com\/?s={search_term_string}\"},\"query-input\":{\"@type\":\"PropertyValueSpecification\",\"valueRequired\":true,\"valueName\":\"search_term_string\"}}],\"inLanguage\":\"es\"}]}<\/script>\n<!-- \/ Yoast SEO plugin. -->","yoast_head_json":{"title":"[:en]Terms of Service[:de]Gesch\u00e4ftsbedingungen[:es]T\u00e9rminos y condiciones[:] - THUlicious","robots":{"index":"index","follow":"follow","max-snippet":"max-snippet:-1","max-image-preview":"max-image-preview:large","max-video-preview":"max-video-preview:-1"},"canonical":"\/","og_locale":"es_ES","og_type":"article","og_title":"T\u00e9rminos y condiciones - THUlicious","og_url":"\/","og_site_name":"THUlicious","article_modified_time":"2026-03-17T17:37:39+00:00","schema":{"@context":"https:\/\/schema.org","@graph":[{"@type":"WebPage","@id":"https:\/\/www.thulicious-ibiza.com\/terms-of-service\/","url":"\/","name":"[:en]Terms of Service[:de]Gesch\u00e4ftsbedingungen[:es]T\u00e9rminos y condiciones[:] - THUlicious","isPartOf":{"@id":"https:\/\/www.thulicious-ibiza.com\/#website"},"datePublished":"2026-02-06T18:16:22+00:00","dateModified":"2026-03-17T17:37:39+00:00","breadcrumb":{"@id":"\/#breadcrumb"},"inLanguage":"es","potentialAction":[{"@type":"ReadAction","target":["\/"]}]},{"@type":"BreadcrumbList","@id":"\/#breadcrumb","itemListElement":[{"@type":"ListItem","position":1,"name":"Home","item":"https:\/\/www.thulicious-ibiza.com\/"},{"@type":"ListItem","position":2,"name":"Terms of Service"}]},{"@type":"WebSite","@id":"https:\/\/www.thulicious-ibiza.com\/#website","url":"https:\/\/www.thulicious-ibiza.com\/","name":"THUlicious","description":"","potentialAction":[{"@type":"SearchAction","target":{"@type":"EntryPoint","urlTemplate":"https:\/\/www.thulicious-ibiza.com\/?s={search_term_string}"},"query-input":{"@type":"PropertyValueSpecification","valueRequired":true,"valueName":"search_term_string"}}],"inLanguage":"es"}]}},"_links":{"self":[{"href":"https:\/\/www.thulicious-ibiza.com\/es\/wp-json\/wp\/v2\/pages\/194","targetHints":{"allow":["GET"]}}],"collection":[{"href":"https:\/\/www.thulicious-ibiza.com\/es\/wp-json\/wp\/v2\/pages"}],"about":[{"href":"https:\/\/www.thulicious-ibiza.com\/es\/wp-json\/wp\/v2\/types\/page"}],"author":[{"embeddable":true,"href":"https:\/\/www.thulicious-ibiza.com\/es\/wp-json\/wp\/v2\/users\/1"}],"replies":[{"embeddable":true,"href":"https:\/\/www.thulicious-ibiza.com\/es\/wp-json\/wp\/v2\/comments?post=194"}],"version-history":[{"count":5,"href":"https:\/\/www.thulicious-ibiza.com\/es\/wp-json\/wp\/v2\/pages\/194\/revisions"}],"predecessor-version":[{"id":430,"href":"https:\/\/www.thulicious-ibiza.com\/es\/wp-json\/wp\/v2\/pages\/194\/revisions\/430"}],"wp:attachment":[{"href":"https:\/\/www.thulicious-ibiza.com\/es\/wp-json\/wp\/v2\/media?parent=194"}],"curies":[{"name":"wp","href":"https:\/\/api.w.org\/{rel}","templated":true}]}}