{"id":3,"date":"2026-02-04T14:43:23","date_gmt":"2026-02-04T14:43:23","guid":{"rendered":"https:\/\/www.thulicious-ibiza.com\/?page_id=3"},"modified":"2026-02-25T09:58:26","modified_gmt":"2026-02-25T09:58:26","slug":"privacy-policy","status":"publish","type":"page","link":"https:\/\/www.thulicious-ibiza.com\/es\/politica-de-privacidad\/","title":{"rendered":"Pol\u00edtica de privacidad"},"content":{"rendered":"<p><\/p>\n<div class=\"privacy-policy\">\n<h3>Protecci\u00f3n de datos de car\u00e1cter personal seg\u00fan el RGPD<\/h3>\n<p><strong>Thulicious Privat Chef SL (thulicious-ibiza.com)<\/strong>, en aplicaci\u00f3n de la normativa vigente en materia de protecci\u00f3n de datos de car\u00e1cter personal, informa que los datos personales que se recogen a trav\u00e9s de los formularios del Sitio web: <strong>https:\/\/www.thulicious-ibiza.com\/<\/strong>, se incluyen en los ficheros automatizados espec\u00edficos de usuarios de los servicios de Thulicious Privat Chef SL<\/p>\n<p>La recogida y tratamiento automatizado de los datos de car\u00e1cter personal tiene como finalidad el mantenimiento de la relaci\u00f3n comercial y el desempe\u00f1o de tareas de informaci\u00f3n, asesoramiento, prestaci\u00f3n de servicios profesionales a domicilio y otras actividades propias de Thulicious Privat Chef SL.<\/p>\n<p>Estos datos \u00fanicamente ser\u00e1n cedidos a aquellas entidades que sean necesarias con el \u00fanico objetivo de dar cumplimiento a la finalidad anteriormente expuesta (por ejemplo, proveedores de pago o servicios log\u00edsticos si fuera necesario).<\/p>\n<p>Thulicious Privat Chef SL adopta las medidas necesarias para garantizar la seguridad, integridad y confidencialidad de los datos conforme a lo dispuesto en el Reglamento (UE) 2016\/679 del Parlamento Europeo y del Consejo, de 27 de abril de 2016 (RGPD).<\/p>\n<p>El usuario podr\u00e1 en cualquier momento ejercitar los derechos de acceso, oposici\u00f3n, rectificaci\u00f3n, cancelaci\u00f3n, limitaci\u00f3n y portabilidad reconocidos en el citado Reglamento (UE). El ejercicio de estos derechos puede realizarlo el propio usuario a trav\u00e9s de email a: <strong>hello@thu-licious.com<\/strong> o en la direcci\u00f3n: <strong>Calle Damaso Alonso 2, 07819 Santa Eularia \u2013 Espa\u00f1a<\/strong>.<\/p>\n<p>El usuario manifiesta que todos los datos facilitados por \u00e9l son ciertos y correctos, y se compromete a mantenerlos actualizados, comunicando los cambios a Thulicious Privat Chef SL.<\/p>\n<h3>Finalidad del tratamiento de los datos personales<\/h3>\n<p><strong>\u00bfCon qu\u00e9 finalidad trataremos tus datos personales?<\/strong><\/p>\n<p>En Thulicious Privat Chef SL, trataremos tus datos personales recabados a trav\u00e9s del Sitio Web con las siguientes finalidades:<\/p>\n<ol>\n<li>Dar cumplimiento de las obligaciones comerciales, administrativas y contables derivadas de la prestaci\u00f3n de servicios.<\/li>\n<li>Prestar los servicios profesionales contratados de acuerdo con las necesidades particulares de los clientes, incluyendo la gesti\u00f3n de citas y visitas externas.<\/li>\n<li>Env\u00edo de informaci\u00f3n solicitada a trav\u00e9s de los formularios de contacto.<\/li>\n<li>Env\u00edo de boletines (newsletters) e informaci\u00f3n promocional de forma electr\u00f3nica, siempre que exista consentimiento o relaci\u00f3n contractual previa.<\/li>\n<li>Cumplir con los procesos de seguridad y prevenci\u00f3n de fraude.<\/li>\n<li>El proceso de archivo y protecci\u00f3n de la informaci\u00f3n en los sistemas de la empresa.<\/li>\n<\/ol>\n<p>Te recordamos que puedes oponerte al env\u00edo de comunicaciones comerciales por cualquier v\u00eda y en cualquier momento, remitiendo un correo electr\u00f3nico a la direcci\u00f3n anteriormente indicada.<\/p>\n<h3>\u00bfPor cu\u00e1nto tiempo se conservan los datos personales recabados?<\/h3>\n<p>Los datos personales proporcionados se conservar\u00e1n mientras se mantenga la relaci\u00f3n comercial, no solicites su supresi\u00f3n y durante el plazo legal obligatorio para cumplir con las responsabilidades derivadas de los servicios prestados (generalmente 6 a\u00f1os para registros contables y fiscales en Espa\u00f1a).<\/p>\n<h3>Legitimaci\u00f3n<\/h3>\n<p>El tratamiento de tus datos se realiza con las siguientes bases jur\u00eddicas:<\/p>\n<ol>\n<li>La ejecuci\u00f3n de un contrato o la aplicaci\u00f3n de medidas precontractuales (presupuestos, citas, consultas).<\/li>\n<li>El consentimiento libre, espec\u00edfico e inequ\u00edvoco que otorgas al aceptar esta pol\u00edtica de privacidad mediante una acci\u00f3n afirmativa (marcar una casilla).<\/li>\n<\/ol>\n<p>Si no nos facilitas tus datos de forma correcta, no podremos gestionar tu solicitud ni prestarte los servicios solicitados.<\/p>\n<h3>Derechos de propiedad intelectual<\/h3>\n<p><strong>Thulicious Privat Chef SL<\/strong> es titular de todos los derechos de autor, propiedad intelectual e industrial del sitio web <strong>https:\/\/www.thulicious-ibiza.com\/<\/strong> y de los contenidos ofrecidos en el mismo.<\/p>\n<p>Queda prohibida la reproducci\u00f3n, publicaci\u00f3n o uso no privado de los contenidos, totales o parciales, sin el consentimiento previo por escrito de Thulicious Privat Chef SL.<\/p>\n<h3>Protecci\u00f3n de la informaci\u00f3n alojada<\/h3>\n<p>Aunque Thulicious Privat Chef SL realiza copias de seguridad de la informaci\u00f3n alojada, no se responsabiliza de la p\u00e9rdida o borrado accidental de datos por parte de los usuarios. Sin embargo, garantiza que se han tomado las medidas t\u00e9cnicas para evitar el acceso no autorizado y la integridad de los datos en sus sistemas.<\/p>\n<h3>Comunicaciones comerciales (LSSI)<\/h3>\n<p>En cumplimiento de la LSSI, Thulicious Privat Chef SL no enviar\u00e1 publicidad por correo electr\u00f3nico que no haya sido solicitada o autorizada previamente. En caso de clientes con relaci\u00f3n contractual previa, se permite el env\u00edo de comunicaciones sobre servicios similares a los contratados, pudiendo el cliente darse de baja en cualquier momento.<\/p>\n<\/div>\n<p><\/p>","protected":false},"excerpt":{"rendered":"<p>Protecci\u00f3n de datos de car\u00e1cter personal seg\u00fan el RGPD Thulicious Privat Chef SL (thulicious-ibiza.com), en aplicaci\u00f3n de la normativa vigente en materia de protecci\u00f3n de datos de car\u00e1cter personal, informa que los datos personales que se recogen a trav\u00e9s de los formularios del Sitio web: https:\/\/www.thulicious-ibiza.com\/, se incluyen en los ficheros automatizados espec\u00edficos de usuarios [&hellip;]<\/p>\n","protected":false},"author":1,"featured_media":0,"parent":0,"menu_order":0,"comment_status":"closed","ping_status":"closed","template":"","meta":{"_acf_changed":false,"footnotes":""},"class_list":["post-3","page","type-page","status-publish","hentry"],"acf":[],"yoast_head":"<!-- This site is optimized with the Yoast SEO plugin v27.2 - https:\/\/yoast.com\/product\/yoast-seo-wordpress\/ -->\n<title>Pol\u00edtica de privacidad - THUlicious<\/title>\n<meta name=\"robots\" content=\"index, follow, max-snippet:-1, max-image-preview:large, max-video-preview:-1\" \/>\n<link rel=\"canonical\" href=\"\/\" \/>\n<meta property=\"og:locale\" content=\"es_ES\" \/>\n<meta property=\"og:type\" content=\"article\" \/>\n<meta property=\"og:title\" content=\"Pol\u00edtica de privacidad - THUlicious\" \/>\n<meta property=\"og:url\" content=\"\/\" \/>\n<meta property=\"og:site_name\" content=\"THUlicious\" \/>\n<meta property=\"article:modified_time\" content=\"2026-02-25T09:58:26+00:00\" \/>\n<script type=\"application\/ld+json\" class=\"yoast-schema-graph\">{\"@context\":\"https:\/\/schema.org\",\"@graph\":[{\"@type\":\"WebPage\",\"@id\":\"https:\/\/www.thulicious-ibiza.com\/privacy-policy\/\",\"url\":\"\/\",\"name\":\"[:en]Privacy Policy[:de]Datenschutzerkl\u00e4rung[:es]Pol\u00edtica de privacidad[:] - THUlicious\",\"isPartOf\":{\"@id\":\"https:\/\/www.thulicious-ibiza.com\/#website\"},\"datePublished\":\"2026-02-04T14:43:23+00:00\",\"dateModified\":\"2026-02-25T09:58:26+00:00\",\"breadcrumb\":{\"@id\":\"\/#breadcrumb\"},\"inLanguage\":\"es\",\"potentialAction\":[{\"@type\":\"ReadAction\",\"target\":[\"\/\"]}]},{\"@type\":\"BreadcrumbList\",\"@id\":\"\/#breadcrumb\",\"itemListElement\":[{\"@type\":\"ListItem\",\"position\":1,\"name\":\"Home\",\"item\":\"https:\/\/www.thulicious-ibiza.com\/\"},{\"@type\":\"ListItem\",\"position\":2,\"name\":\"Privacy Policy\"}]},{\"@type\":\"WebSite\",\"@id\":\"https:\/\/www.thulicious-ibiza.com\/#website\",\"url\":\"https:\/\/www.thulicious-ibiza.com\/\",\"name\":\"THUlicious\",\"description\":\"\",\"potentialAction\":[{\"@type\":\"SearchAction\",\"target\":{\"@type\":\"EntryPoint\",\"urlTemplate\":\"https:\/\/www.thulicious-ibiza.com\/?s={search_term_string}\"},\"query-input\":{\"@type\":\"PropertyValueSpecification\",\"valueRequired\":true,\"valueName\":\"search_term_string\"}}],\"inLanguage\":\"es\"}]}<\/script>\n<!-- \/ Yoast SEO plugin. -->","yoast_head_json":{"title":"[:en]Privacy Policy[:de]Datenschutzerkl\u00e4rung[:es]Pol\u00edtica de privacidad[:] - THUlicious","robots":{"index":"index","follow":"follow","max-snippet":"max-snippet:-1","max-image-preview":"max-image-preview:large","max-video-preview":"max-video-preview:-1"},"canonical":"\/","og_locale":"es_ES","og_type":"article","og_title":"Pol\u00edtica de privacidad - THUlicious","og_url":"\/","og_site_name":"THUlicious","article_modified_time":"2026-02-25T09:58:26+00:00","schema":{"@context":"https:\/\/schema.org","@graph":[{"@type":"WebPage","@id":"https:\/\/www.thulicious-ibiza.com\/privacy-policy\/","url":"\/","name":"[:en]Privacy Policy[:de]Datenschutzerkl\u00e4rung[:es]Pol\u00edtica de privacidad[:] - THUlicious","isPartOf":{"@id":"https:\/\/www.thulicious-ibiza.com\/#website"},"datePublished":"2026-02-04T14:43:23+00:00","dateModified":"2026-02-25T09:58:26+00:00","breadcrumb":{"@id":"\/#breadcrumb"},"inLanguage":"es","potentialAction":[{"@type":"ReadAction","target":["\/"]}]},{"@type":"BreadcrumbList","@id":"\/#breadcrumb","itemListElement":[{"@type":"ListItem","position":1,"name":"Home","item":"https:\/\/www.thulicious-ibiza.com\/"},{"@type":"ListItem","position":2,"name":"Privacy Policy"}]},{"@type":"WebSite","@id":"https:\/\/www.thulicious-ibiza.com\/#website","url":"https:\/\/www.thulicious-ibiza.com\/","name":"THUlicious","description":"","potentialAction":[{"@type":"SearchAction","target":{"@type":"EntryPoint","urlTemplate":"https:\/\/www.thulicious-ibiza.com\/?s={search_term_string}"},"query-input":{"@type":"PropertyValueSpecification","valueRequired":true,"valueName":"search_term_string"}}],"inLanguage":"es"}]}},"_links":{"self":[{"href":"https:\/\/www.thulicious-ibiza.com\/es\/wp-json\/wp\/v2\/pages\/3","targetHints":{"allow":["GET"]}}],"collection":[{"href":"https:\/\/www.thulicious-ibiza.com\/es\/wp-json\/wp\/v2\/pages"}],"about":[{"href":"https:\/\/www.thulicious-ibiza.com\/es\/wp-json\/wp\/v2\/types\/page"}],"author":[{"embeddable":true,"href":"https:\/\/www.thulicious-ibiza.com\/es\/wp-json\/wp\/v2\/users\/1"}],"replies":[{"embeddable":true,"href":"https:\/\/www.thulicious-ibiza.com\/es\/wp-json\/wp\/v2\/comments?post=3"}],"version-history":[{"count":8,"href":"https:\/\/www.thulicious-ibiza.com\/es\/wp-json\/wp\/v2\/pages\/3\/revisions"}],"predecessor-version":[{"id":407,"href":"https:\/\/www.thulicious-ibiza.com\/es\/wp-json\/wp\/v2\/pages\/3\/revisions\/407"}],"wp:attachment":[{"href":"https:\/\/www.thulicious-ibiza.com\/es\/wp-json\/wp\/v2\/media?parent=3"}],"curies":[{"name":"wp","href":"https:\/\/api.w.org\/{rel}","templated":true}]}}